{"id":9,"date":"2024-01-24T14:45:40","date_gmt":"2024-01-24T13:45:40","guid":{"rendered":"https:\/\/page.prostr.pl\/jw\/?page_id=9"},"modified":"2024-01-24T15:30:37","modified_gmt":"2024-01-24T14:30:37","slug":"o-firmie","status":"publish","type":"page","link":"https:\/\/jouwwerkbv.nl\/pl\/o-firmie\/","title":{"rendered":"O firmie"},"content":{"rendered":"<p>Jouw Werk B.V. to kilkuosobowa lecz profesjonalna firma, kt\u00f3ra dzia\u0142a z ogromn\u0105 pasj\u0105 i z przyjemno\u015bci\u0105 postara si\u0119 sprosta\u0107 oczekiwaniom klient\u00f3w. Przejrzysto\u015b\u0107, innowacja oraz proste nawi\u0105zywanie kontakt\u00f3w to g\u0142owne cechy pracownik\u00f3w agencji pracy Jouw Werk B.V. W\u0142a\u015bnie dzi\u0119ki temu, \u017ce jeste\u015bmy ma\u0142ym zespo\u0142em to nawi\u0105zywanie kontakt\u00f3w jest bezpo\u015brednie i pozwala nam reagowa\u0107 naprawd\u0119 szybko. Jouw Werk B.V. dzia\u0142a zgodnie ze standardami VCA.<\/p>\n\n\n\n<p>Zaufa\u0142y nam setki os\u00f3b i ka\u017cdy z nich znalaz\u0142 szybko, bezproblemowo i z p\u0142en\u0105 pomoc\u0105 naszych wsypecjalizowanych doradc\u00f3w naprawd\u0119 dobr\u0105 prac\u0119 w Holandii. Je\u017celi szukasz pracy w\u0142a\u015bnie w tym kraju to koniecznmie si\u0119 z nami skontaktuj!<\/p>","protected":false},"excerpt":{"rendered":"<p>Jouw Werk B.V. to kilkuosobowa lecz profesjonalna firma, kt\u00f3ra dzia\u0142a z ogromn\u0105 pasj\u0105 i z przyjemno\u015bci\u0105 postara si\u0119 sprosta\u0107 oczekiwaniom klient\u00f3w. Przejrzysto\u015b\u0107, innowacja oraz proste nawi\u0105zywanie kontakt\u00f3w to g\u0142owne cechy pracownik\u00f3w agencji pracy Jouw Werk B.V. W\u0142a\u015bnie dzi\u0119ki temu, \u017ce jeste\u015bmy ma\u0142ym zespo\u0142em to nawi\u0105zywanie kontakt\u00f3w jest bezpo\u015brednie i pozwala nam reagowa\u0107 naprawd\u0119 szybko. Jouw [&hellip;]<\/p>","protected":false},"author":1,"featured_media":0,"parent":0,"menu_order":0,"comment_status":"closed","ping_status":"closed","template":"","meta":{"_acf_changed":false,"footnotes":""},"class_list":["post-9","page","type-page","status-publish","hentry"],"acf":[],"_links":{"self":[{"href":"https:\/\/jouwwerkbv.nl\/pl\/wp-json\/wp\/v2\/pages\/9","targetHints":{"allow":["GET"]}}],"collection":[{"href":"https:\/\/jouwwerkbv.nl\/pl\/wp-json\/wp\/v2\/pages"}],"about":[{"href":"https:\/\/jouwwerkbv.nl\/pl\/wp-json\/wp\/v2\/types\/page"}],"author":[{"embeddable":true,"href":"https:\/\/jouwwerkbv.nl\/pl\/wp-json\/wp\/v2\/users\/1"}],"replies":[{"embeddable":true,"href":"https:\/\/jouwwerkbv.nl\/pl\/wp-json\/wp\/v2\/comments?post=9"}],"version-history":[{"count":3,"href":"https:\/\/jouwwerkbv.nl\/pl\/wp-json\/wp\/v2\/pages\/9\/revisions"}],"predecessor-version":[{"id":40,"href":"https:\/\/jouwwerkbv.nl\/pl\/wp-json\/wp\/v2\/pages\/9\/revisions\/40"}],"wp:attachment":[{"href":"https:\/\/jouwwerkbv.nl\/pl\/wp-json\/wp\/v2\/media?parent=9"}],"curies":[{"name":"wp","href":"https:\/\/api.w.org\/{rel}","templated":true}]}}